{"id":588,"date":"2025-05-15T14:38:30","date_gmt":"2025-05-15T12:38:30","guid":{"rendered":"https:\/\/www.lareservedusommelier.com\/?post_type=product&#038;p=588"},"modified":"2025-06-21T00:24:56","modified_gmt":"2025-06-20T22:24:56","slug":"champagne-grand-cru-conversation","status":"publish","type":"product","link":"https:\/\/www.lareservedusommelier.com\/en\/product\/champagne-grand-cru-conversation\/","title":{"rendered":"Champagne Grand Cru \"Conversation"},"content":{"rendered":"<p data-start=\"54\" data-end=\"376\"><strong data-start=\"54\" data-end=\"135\">The freshness and richness of a Blanc de Blancs Champagne by J.L. Vergnon<\/strong><br data-start=\"135\" data-end=\"138\" \/><strong data-start=\"138\" data-end=\"154\">The property<\/strong><br data-start=\"154\" data-end=\"157\" \/>Handed down from generation to generation, the J.L. Vergnon family estate embodies a beautiful harmony between tradition, passion for the terroir and the authentic expression of Chardonnay, the emblematic grape variety of the Champagne region.<\/p>\n<p data-start=\"378\" data-end=\"716\"><strong data-start=\"378\" data-end=\"393\">The vineyard<\/strong><br data-start=\"393\" data-end=\"396\" \/>Domaine J.L. Vergnon mainly grows Grands Crus from the C\u00f4te des Blancs, as well as Premiers Crus from the villages of Vertus and Villeneuve. The vineyard, comprising around twenty plots, is managed using a sustainable approach and has been awarded HVE 3 (High Environmental Value) certification.<\/p>\n<p data-start=\"718\" data-end=\"907\"><strong data-start=\"718\" data-end=\"728\">The wine<\/strong><br data-start=\"728\" data-end=\"731\" \/>The vintage <strong data-start=\"740\" data-end=\"787\">Conversation Blanc de Blancs Grand Cru Brut<\/strong> J.L. Vergnon comes from parcels located on the famous terroirs of the villages of Mesnil-sur-Oger, Oger and Avize.<\/p>\n<p data-start=\"909\" data-end=\"1225\"><strong data-start=\"909\" data-end=\"936\">Vinification and ageing<\/strong><br data-start=\"936\" data-end=\"939\" \/>This cuv\u00e9e is made from 20 % of reserve wine, matured for 3 months in oak barrels, and 80 % of wine of the year, vinified in stainless steel vats. After fermentation in the cellar, the champagne is aged for 3 years before disgorging. The dosage is 5 g\/litre for a subtle balance.<\/p>\n<p data-start=\"1227\" data-end=\"1261\" data-is-last-node=\"\" data-is-only-node=\"\"><strong data-start=\"1227\" data-end=\"1241\">Assembly<\/strong><br data-start=\"1241\" data-end=\"1244\" \/>100 % Chardonnay.<\/p>","protected":false},"excerpt":{"rendered":"<p>La fra\u00eecheur et la richesse d\u2019un Champagne Blanc de Blancs sign\u00e9 J.L. VergnonLa propri\u00e9t\u00e9Transmis de g\u00e9n\u00e9ration en g\u00e9n\u00e9ration, le domaine familial J.L. Vergnon incarne une belle harmonie entre la tradition, la passion du terroir et l\u2019expression authentique du chardonnay, c\u00e9page embl\u00e9matique de la Champagne. Le vignobleLe domaine J.L. Vergnon cultive principalement des Grands Crus de [&hellip;]<\/p>","protected":false},"featured_media":1301,"template":"","meta":{"_acf_changed":false},"product_brand":[],"product_cat":[26],"product_tag":[31],"class_list":{"0":"post-588","1":"product","2":"type-product","3":"status-publish","4":"has-post-thumbnail","6":"product_cat-la-cave-bons-plans","7":"product_tag-champagne-cremant","9":"first","10":"outofstock","11":"sale","12":"shipping-taxable","13":"product-type-simple"},"acf":[],"_links":{"self":[{"href":"https:\/\/www.lareservedusommelier.com\/en\/wp-json\/wp\/v2\/product\/588","targetHints":{"allow":["GET"]}}],"collection":[{"href":"https:\/\/www.lareservedusommelier.com\/en\/wp-json\/wp\/v2\/product"}],"about":[{"href":"https:\/\/www.lareservedusommelier.com\/en\/wp-json\/wp\/v2\/types\/product"}],"wp:featuredmedia":[{"embeddable":true,"href":"https:\/\/www.lareservedusommelier.com\/en\/wp-json\/wp\/v2\/media\/1301"}],"wp:attachment":[{"href":"https:\/\/www.lareservedusommelier.com\/en\/wp-json\/wp\/v2\/media?parent=588"}],"wp:term":[{"taxonomy":"product_brand","embeddable":true,"href":"https:\/\/www.lareservedusommelier.com\/en\/wp-json\/wp\/v2\/product_brand?post=588"},{"taxonomy":"product_cat","embeddable":true,"href":"https:\/\/www.lareservedusommelier.com\/en\/wp-json\/wp\/v2\/product_cat?post=588"},{"taxonomy":"product_tag","embeddable":true,"href":"https:\/\/www.lareservedusommelier.com\/en\/wp-json\/wp\/v2\/product_tag?post=588"}],"curies":[{"name":"wp","href":"https:\/\/api.w.org\/{rel}","templated":true}]}}