{"id":1310,"date":"2025-06-05T21:52:04","date_gmt":"2025-06-05T19:52:04","guid":{"rendered":"https:\/\/www.lareservedusommelier.com\/?post_type=product&#038;p=1310"},"modified":"2025-11-14T10:46:45","modified_gmt":"2025-11-14T09:46:45","slug":"osmoze-sancerre-blanc-2022","status":"publish","type":"product","link":"https:\/\/www.lareservedusommelier.com\/en\/product\/osmoze-sancerre-blanc-2022\/","title":{"rendered":"\"Osmoze\" White Sancerre 2022"},"content":{"rendered":"<div class=\"vc_row wpb_row vc_row-fluid\">\n<div class=\"wpb_column vc_column_container vc_col-sm-6\">\n<div class=\"vc_column-inner\">\n<div class=\"wpb_wrapper\">\n<div class=\"gg-infobox\">\n<h4>Parcels:<\/h4>\n<div class=\"description\">\n<p>A blend of terroirs from the villages of Amigny, Chavignol, Sancerre and Verdigny.<\/p>\n<\/div>\n<\/div>\n<div class=\"gg-infobox\">\n<h4>Planting density<\/h4>\n<div class=\"description\">\n<p>7500 plants\/ha<\/p>\n<\/div>\n<\/div>\n<div class=\"gg-infobox\">\n<h4>Soil<\/h4>\n<div class=\"description\">\n<p>Caillotes (limestone from the Sancerre region).<\/p>\n<\/div>\n<\/div>\n<div class=\"gg-infobox\">\n<h4>Winegrowing<\/h4>\n<div class=\"description\">\n<ul>\n<li>Guyot poussard pruning to respect sap flow<\/li>\n<li>Respect for the plant, careful and diligent disbudding<\/li>\n<li>Hoeing and ploughing the soil<\/li>\n<li>Thoughtful, reasoned approach (no insecticides, acaricides, weed killers or weed killers) with an organic bias.<\/li>\n<li>Harvesting by hand<\/li>\n<\/ul>\n<\/div>\n<\/div>\n<\/div>\n<\/div>\n<\/div>\n<div class=\"wpb_column vc_column_container vc_col-sm-6\">\n<div class=\"vc_column-inner\">\n<div class=\"wpb_wrapper\">\n<div class=\"wpb_single_image wpb_content_element vc_align_center vc_custom_1703679781465 max-width-25-img\">\n<figure class=\"wpb_wrapper vc_figure\">\n<div><\/div>\n<div class=\"vc_single_image-wrapper vc_box_border_grey\">VINIFICATION<\/div>\n<\/figure>\n<\/div>\n<\/div>\n<\/div>\n<\/div>\n<\/div>\n<div class=\"vc_row wpb_row vc_row-fluid vc_custom_1575031474717 vc_row-has-fill\" data-vc-full-width=\"true\" data-vc-full-width-init=\"true\">\n<div class=\"wpb_column vc_column_container vc_col-sm-12\">\n<div class=\"vc_column-inner\">\n<div class=\"wpb_wrapper\">\n<div class=\"gg-infobox\">\n<div class=\"description\">\n<ul>\n<li>From the moment the grapes arrive in the cellar, they are handled gently and with respect for the fruit.<\/li>\n<li>Long, gentle pneumatic pressing<\/li>\n<li>Careful handling of the juices without rushing the musts (by gravity or slow, gentle pumping).<\/li>\n<li>Severe sludge removal<\/li>\n<li>Yeasting, only with selected neutral yeasts<\/li>\n<li>Fermentation in concrete and stainless steel vats, matured on fine lees<\/li>\n<li>Dry wine<\/li>\n<li>Filtration bonding<\/li>\n<li>Approximately 1 year of breeding<\/li>\n<\/ul>\n<p>Handling in the cellar is reasoned and respectful, and is carried out only when necessary. This approach aims to preserve the integrity and sensory structure naturally present in our grapes.<\/p>\n<\/div>\n<\/div>\n<\/div>\n<\/div>\n<\/div>\n<\/div>\n<div><\/div>\n<div class=\"vc_row-full-width vc_clearfix\">TASTING<\/div>\n<div class=\"vc_row wpb_row vc_row-fluid\" data-vc-full-width=\"true\" data-vc-full-width-init=\"true\">\n<div class=\"wpb_column vc_column_container vc_col-sm-6\">\n<div class=\"vc_column-inner\">\n<div class=\"wpb_wrapper\">\n<div class=\"gg-infobox\">\n<div class=\"description\">\n<p>Our Sancerre Blanc offers a dense, well-balanced profile with a taut energy dotted with hints of juicy white fruit. The blend brings chalky notes offering a mineral and frank structure, as well as delicate and greedy fruity notes.<\/p>\n<\/div>\n<\/div>\n<\/div>\n<\/div>\n<\/div>\n<\/div>","protected":false},"excerpt":{"rendered":"<p>Parcelles: Assemblage de terroir sur le village d\u2019Amigny, Chavignol, Sancerre et de Verdigny. Densit\u00e9 de plantation 7500 pieds\/ha Sol Caillotes (pierres calcaires du Sancerrois). Viticulture Taille guyot poussard respectant les flux de s\u00e8ve Respect du v\u00e9g\u00e9tal, \u00e9bourgeonnage r\u00e9fl\u00e9chi et appliqu\u00e9 Binage et labours des sols D\u00e9marche r\u00e9fl\u00e9chie et raisonn\u00e9e (pas d\u2019insecticides, ni acaricides, ni anti-pourritures, [&hellip;]<\/p>","protected":false},"featured_media":1311,"template":"","meta":{"_acf_changed":false},"product_brand":[],"product_cat":[26],"product_tag":[29],"class_list":{"0":"post-1310","1":"product","2":"type-product","3":"status-publish","4":"has-post-thumbnail","6":"product_cat-la-cave-bons-plans","7":"product_tag-blanc","9":"first","10":"instock","11":"shipping-taxable","12":"product-type-simple"},"acf":[],"_links":{"self":[{"href":"https:\/\/www.lareservedusommelier.com\/en\/wp-json\/wp\/v2\/product\/1310","targetHints":{"allow":["GET"]}}],"collection":[{"href":"https:\/\/www.lareservedusommelier.com\/en\/wp-json\/wp\/v2\/product"}],"about":[{"href":"https:\/\/www.lareservedusommelier.com\/en\/wp-json\/wp\/v2\/types\/product"}],"wp:featuredmedia":[{"embeddable":true,"href":"https:\/\/www.lareservedusommelier.com\/en\/wp-json\/wp\/v2\/media\/1311"}],"wp:attachment":[{"href":"https:\/\/www.lareservedusommelier.com\/en\/wp-json\/wp\/v2\/media?parent=1310"}],"wp:term":[{"taxonomy":"product_brand","embeddable":true,"href":"https:\/\/www.lareservedusommelier.com\/en\/wp-json\/wp\/v2\/product_brand?post=1310"},{"taxonomy":"product_cat","embeddable":true,"href":"https:\/\/www.lareservedusommelier.com\/en\/wp-json\/wp\/v2\/product_cat?post=1310"},{"taxonomy":"product_tag","embeddable":true,"href":"https:\/\/www.lareservedusommelier.com\/en\/wp-json\/wp\/v2\/product_tag?post=1310"}],"curies":[{"name":"wp","href":"https:\/\/api.w.org\/{rel}","templated":true}]}}