{"id":1309,"date":"2025-06-05T21:51:26","date_gmt":"2025-06-05T19:51:26","guid":{"rendered":"https:\/\/www.lareservedusommelier.com\/?post_type=product&#038;p=1309"},"modified":"2025-06-21T00:22:11","modified_gmt":"2025-06-20T22:22:11","slug":"clisson-muscadet-de-sevre-et-maine-2016","status":"publish","type":"product","link":"https:\/\/www.lareservedusommelier.com\/en\/product\/clisson-muscadet-de-sevre-et-maine-2016\/","title":{"rendered":"\"Clisson\" Muscadet de S\u00e8vre et Maine 2016"},"content":{"rendered":"<div class=\"woocommerce-product-details__short-description\">\n<p>Grape variety: Melon de Bourgogne<\/p>\n<p>Terroir\/Soil: Shallow sandy soil on Clisson granite<\/p>\n<p>Vinification: Fermentation and ageing on lees for 40 months. Batonnage (stirring of the lees) during the first year to increase the smoothness of the wine.<\/p>\n<p>Age of vines: 30 years<\/p>\n<p>Yield: 45 Hl<\/p>\n<\/div>\n<div class=\"product_meta\">More than 10 years<\/div>","protected":false},"excerpt":{"rendered":"<p>C\u00e9page : Melon de Bourgogne Terroir\/sol : Sableux peu profond sur Granite de Clisson Vinifications : Fermentations et \u00e9levage sur lie pendant 40 mois. Batonnage la premi\u00e8re ann\u00e9e permettant d\u2019accroitre l\u2019onctuosit\u00e9 du vin. Ages des vignes : 30 ans Rendement : 45 Hl Garde + de 10 ans<\/p>","protected":false},"featured_media":1299,"template":"","meta":{"_acf_changed":false},"product_brand":[],"product_cat":[26],"product_tag":[29],"class_list":{"0":"post-1309","1":"product","2":"type-product","3":"status-publish","4":"has-post-thumbnail","6":"product_cat-la-cave-bons-plans","7":"product_tag-blanc","9":"first","10":"outofstock","11":"sale","12":"shipping-taxable","13":"product-type-simple"},"acf":[],"_links":{"self":[{"href":"https:\/\/www.lareservedusommelier.com\/en\/wp-json\/wp\/v2\/product\/1309","targetHints":{"allow":["GET"]}}],"collection":[{"href":"https:\/\/www.lareservedusommelier.com\/en\/wp-json\/wp\/v2\/product"}],"about":[{"href":"https:\/\/www.lareservedusommelier.com\/en\/wp-json\/wp\/v2\/types\/product"}],"wp:featuredmedia":[{"embeddable":true,"href":"https:\/\/www.lareservedusommelier.com\/en\/wp-json\/wp\/v2\/media\/1299"}],"wp:attachment":[{"href":"https:\/\/www.lareservedusommelier.com\/en\/wp-json\/wp\/v2\/media?parent=1309"}],"wp:term":[{"taxonomy":"product_brand","embeddable":true,"href":"https:\/\/www.lareservedusommelier.com\/en\/wp-json\/wp\/v2\/product_brand?post=1309"},{"taxonomy":"product_cat","embeddable":true,"href":"https:\/\/www.lareservedusommelier.com\/en\/wp-json\/wp\/v2\/product_cat?post=1309"},{"taxonomy":"product_tag","embeddable":true,"href":"https:\/\/www.lareservedusommelier.com\/en\/wp-json\/wp\/v2\/product_tag?post=1309"}],"curies":[{"name":"wp","href":"https:\/\/api.w.org\/{rel}","templated":true}]}}