{"id":1308,"date":"2025-06-05T21:52:15","date_gmt":"2025-06-05T19:52:15","guid":{"rendered":"https:\/\/www.lareservedusommelier.com\/?post_type=product&#038;p=1308"},"modified":"2025-11-14T10:46:24","modified_gmt":"2025-11-14T09:46:24","slug":"cremant-de-loire-amirault","status":"publish","type":"product","link":"https:\/\/www.lareservedusommelier.com\/en\/product\/cremant-de-loire-amirault\/","title":{"rendered":"Cr\u00e9mant de Loire \"Amirault"},"content":{"rendered":"<p>Grape variety: 60% Chenin, 30% Chardonnay, 10% Cabernet Franc<\/p>\n<p>Manual harvesting<\/p>\n<p>Traditional vinification, using only indigenous yeasts in the vineyard. Each grape variety is vinified separately, then comes the important moment of blending the 3 grape varieties to give the unique character of Cr\u00e9mant du Clos des Quarterons.<\/p>\n<p>Ageing: In accordance with the Traditional Method, the base wine is bottled and the second fermentation (or \"prise de mousse\") takes place in the bottle. To obtain fine bubbles, we leave our bottles to rest on laths for a minimum of 24 months.<\/p>\n<p>Tasting notes: Pale yellow colour, aromas of white flowers and honey. On the palate, ripe fruit with a hint of lemon.<\/p>\n<p>Operating temperature: 8\u00ba C<\/p>\n<p>Serving suggestion: Perfect as an aperitif, but its complexity and fine bubbles will also go well with fish-based starters, poultry or a white nectarine fruit gratin sprinkled with almonds.<\/p>\n<p>Ageing: 5 to 6 years<\/p>","protected":false},"excerpt":{"rendered":"<p>C\u00e9page : 60% Chenin, 30% Chardonnay, Cabernet Franc 10% Vendange manuel Vinification traditionnelle, en utilisant uniquement les levures indig\u00e8nes \u00e0 la parcelle. Chaque c\u00e9page est vinifi\u00e9 s\u00e9par\u00e9ment, puis vient le moment important de l\u2018assemblage des 3 c\u00e9pages qui donnera le caract\u00e8re unique du Cr\u00e9mant du Clos des Quarterons. Elevage : Conform\u00e9ment \u00e0 la M\u00e9thode Traditionnelle, [&hellip;]<\/p>","protected":false},"featured_media":1300,"template":"","meta":{"_acf_changed":false},"product_brand":[],"product_cat":[26],"product_tag":[31],"class_list":{"0":"post-1308","1":"product","2":"type-product","3":"status-publish","4":"has-post-thumbnail","6":"product_cat-la-cave-bons-plans","7":"product_tag-champagne-cremant","9":"first","10":"instock","11":"shipping-taxable","12":"product-type-simple"},"acf":[],"_links":{"self":[{"href":"https:\/\/www.lareservedusommelier.com\/en\/wp-json\/wp\/v2\/product\/1308","targetHints":{"allow":["GET"]}}],"collection":[{"href":"https:\/\/www.lareservedusommelier.com\/en\/wp-json\/wp\/v2\/product"}],"about":[{"href":"https:\/\/www.lareservedusommelier.com\/en\/wp-json\/wp\/v2\/types\/product"}],"wp:featuredmedia":[{"embeddable":true,"href":"https:\/\/www.lareservedusommelier.com\/en\/wp-json\/wp\/v2\/media\/1300"}],"wp:attachment":[{"href":"https:\/\/www.lareservedusommelier.com\/en\/wp-json\/wp\/v2\/media?parent=1308"}],"wp:term":[{"taxonomy":"product_brand","embeddable":true,"href":"https:\/\/www.lareservedusommelier.com\/en\/wp-json\/wp\/v2\/product_brand?post=1308"},{"taxonomy":"product_cat","embeddable":true,"href":"https:\/\/www.lareservedusommelier.com\/en\/wp-json\/wp\/v2\/product_cat?post=1308"},{"taxonomy":"product_tag","embeddable":true,"href":"https:\/\/www.lareservedusommelier.com\/en\/wp-json\/wp\/v2\/product_tag?post=1308"}],"curies":[{"name":"wp","href":"https:\/\/api.w.org\/{rel}","templated":true}]}}