{"id":1306,"date":"2025-06-05T21:52:30","date_gmt":"2025-06-05T19:52:30","guid":{"rendered":"https:\/\/www.lareservedusommelier.com\/?post_type=product&#038;p=1306"},"modified":"2025-11-09T22:04:04","modified_gmt":"2025-11-09T21:04:04","slug":"les-quarterons-2023","status":"publish","type":"product","link":"https:\/\/www.lareservedusommelier.com\/en\/product\/les-quarterons-2023\/","title":{"rendered":"The Quarterons 2023"},"content":{"rendered":"<p>Grape variety: Cabernet franc 100%<\/p>\n<p>Soil: Gravel and sand on an alios and clay subsoil.<\/p>\n<p>Farming: Wine certified organic (by Ecocert in 2012) and biodynamic (by Demeter in 2013)<\/p>\n<p>Harvest: Hand-picked when fully ripe, the grapes are sorted on the vine and in the cellar. Vinification: Natural (indigenous yeasts), macerated for 2 to 3 weeks in vats.<\/p>\n<p>Ageing: In vats on fine lees for 12 months.<\/p>\n<p>Type : This joyful cuv\u00e9e can be appreciated for its carefree greediness and delicate freshness. It's bursting with red fruit of all kinds, and is a perfect accompaniment to our friendly moments in life.<\/p>\n<p>Food pairings: Aperitifs, summer meals, picnics, barbecues... and don't forget fish!<\/p>\n<p>Operating temperature: 15\u00baC<\/p>\n<p>Cellaring: 3 - 5 years, but drink young to enjoy the crunch!<\/p>","protected":false},"excerpt":{"rendered":"<p>C\u00e9page : Cabernet franc 100% Sols : Graviers, sables sur sous-sol d\u2019alios et d\u2019argile. Culture : Vin certifi\u00e9 en agriculture biologique (par Ecocert en 2012) et biodynamique (par Demeter en 2013) Vendange : Raisin r\u00e9colt\u00e9 \u00e0 la main \u00e0 pleine maturit\u00e9, et les grains sont tri\u00e9s sur pieds et au chai. Vinification : Naturelle (levures [&hellip;]<\/p>","protected":false},"featured_media":1296,"template":"","meta":{"_acf_changed":false},"product_brand":[],"product_cat":[26],"product_tag":[28],"class_list":{"0":"post-1306","1":"product","2":"type-product","3":"status-publish","4":"has-post-thumbnail","6":"product_cat-la-cave-bons-plans","7":"product_tag-rouge","9":"first","10":"instock","11":"shipping-taxable","12":"product-type-simple"},"acf":[],"_links":{"self":[{"href":"https:\/\/www.lareservedusommelier.com\/en\/wp-json\/wp\/v2\/product\/1306","targetHints":{"allow":["GET"]}}],"collection":[{"href":"https:\/\/www.lareservedusommelier.com\/en\/wp-json\/wp\/v2\/product"}],"about":[{"href":"https:\/\/www.lareservedusommelier.com\/en\/wp-json\/wp\/v2\/types\/product"}],"wp:featuredmedia":[{"embeddable":true,"href":"https:\/\/www.lareservedusommelier.com\/en\/wp-json\/wp\/v2\/media\/1296"}],"wp:attachment":[{"href":"https:\/\/www.lareservedusommelier.com\/en\/wp-json\/wp\/v2\/media?parent=1306"}],"wp:term":[{"taxonomy":"product_brand","embeddable":true,"href":"https:\/\/www.lareservedusommelier.com\/en\/wp-json\/wp\/v2\/product_brand?post=1306"},{"taxonomy":"product_cat","embeddable":true,"href":"https:\/\/www.lareservedusommelier.com\/en\/wp-json\/wp\/v2\/product_cat?post=1306"},{"taxonomy":"product_tag","embeddable":true,"href":"https:\/\/www.lareservedusommelier.com\/en\/wp-json\/wp\/v2\/product_tag?post=1306"}],"curies":[{"name":"wp","href":"https:\/\/api.w.org\/{rel}","templated":true}]}}