{"id":1305,"date":"2025-06-05T21:52:25","date_gmt":"2025-06-05T19:52:25","guid":{"rendered":"https:\/\/www.lareservedusommelier.com\/?post_type=product&#038;p=1305"},"modified":"2025-11-14T10:46:01","modified_gmt":"2025-11-14T09:46:01","slug":"les-hauts-de-husseau-2022-domaine-de-la-taille-au-loup","status":"publish","type":"product","link":"https:\/\/www.lareservedusommelier.com\/en\/product\/les-hauts-de-husseau-2022-domaine-de-la-taille-au-loup\/","title":{"rendered":"Les Hauts de Husseau 2022 Domaine de la Taille au loup"},"content":{"rendered":"<div data-appearance=\"default\" data-element=\"main\"><strong>Pale yellow in colour with green and golden highlights, with a typically Chenin character, its nose promises a floral and fruity blend of white flowers, citrus fruit, yellow fruit and dried fruit, enhanced by a gourmet touch of brioche. On the palate, this dry Chenin is both balanced and generous, with remarkable mineral tension. The finish is long and delicious. A truly exceptional Chenin!<\/strong><\/div>\n<div data-appearance=\"default\" data-element=\"main\"><\/div>\n<div data-appearance=\"default\" data-element=\"main\">Terroir: siliceous clay with flint on limestone bedrock, steep south-facing slopes.<\/div>\n<div data-appearance=\"default\" data-element=\"main\"><\/div>\n<div data-appearance=\"default\" data-element=\"main\">Vinification and ageing: gentle pneumatic pressing, static settling for 30 hours, slow spontaneous fermentation with natural yeasts, no chaptalisation or malolactic fermentation. The wine is then matured for 16 to 18 months on fine lees in equal proportions in new barrels of 1, 2 and 3 wines, followed by a few months in vats or barrels depending on the vintage.<\/div>\n<div data-appearance=\"default\" data-element=\"main\"><\/div>\n<div data-appearance=\"default\" data-element=\"main\">Food and wine pairings: fillet of Saint-Pierre, blanquette of monkfish, roast fennel.<\/div>","protected":false},"excerpt":{"rendered":"<p>D&rsquo;une couleur jaune p\u00e2le orn\u00e9e de reflets verts et dor\u00e9s, de caract\u00e8re typiquement Chenin, son nez promet un m\u00e9lange floral et fruit\u00e9, o\u00f9 se m\u00ealent des notes de fleurs blanches, d&rsquo;agrumes, de fruits jaunes et de fruits secs, agr\u00e9ment\u00e9 d&rsquo;une touche gourmande de brioche. En bouche, c&rsquo;est un chenin sec \u00e0 la fois \u00e9quilibr\u00e9 et [&hellip;]<\/p>","protected":false},"featured_media":1294,"template":"","meta":{"_acf_changed":false},"product_brand":[],"product_cat":[26],"product_tag":[29],"class_list":{"0":"post-1305","1":"product","2":"type-product","3":"status-publish","4":"has-post-thumbnail","6":"product_cat-la-cave-bons-plans","7":"product_tag-blanc","9":"first","10":"instock","11":"sold-individually","12":"shipping-taxable","13":"product-type-simple"},"acf":[],"_links":{"self":[{"href":"https:\/\/www.lareservedusommelier.com\/en\/wp-json\/wp\/v2\/product\/1305","targetHints":{"allow":["GET"]}}],"collection":[{"href":"https:\/\/www.lareservedusommelier.com\/en\/wp-json\/wp\/v2\/product"}],"about":[{"href":"https:\/\/www.lareservedusommelier.com\/en\/wp-json\/wp\/v2\/types\/product"}],"wp:featuredmedia":[{"embeddable":true,"href":"https:\/\/www.lareservedusommelier.com\/en\/wp-json\/wp\/v2\/media\/1294"}],"wp:attachment":[{"href":"https:\/\/www.lareservedusommelier.com\/en\/wp-json\/wp\/v2\/media?parent=1305"}],"wp:term":[{"taxonomy":"product_brand","embeddable":true,"href":"https:\/\/www.lareservedusommelier.com\/en\/wp-json\/wp\/v2\/product_brand?post=1305"},{"taxonomy":"product_cat","embeddable":true,"href":"https:\/\/www.lareservedusommelier.com\/en\/wp-json\/wp\/v2\/product_cat?post=1305"},{"taxonomy":"product_tag","embeddable":true,"href":"https:\/\/www.lareservedusommelier.com\/en\/wp-json\/wp\/v2\/product_tag?post=1305"}],"curies":[{"name":"wp","href":"https:\/\/api.w.org\/{rel}","templated":true}]}}