{"id":1304,"date":"2025-06-05T21:52:35","date_gmt":"2025-06-05T19:52:35","guid":{"rendered":"https:\/\/www.lareservedusommelier.com\/?post_type=product&#038;p=1304"},"modified":"2025-11-13T22:57:35","modified_gmt":"2025-11-13T21:57:35","slug":"mondeuse-blanche-2019-domaine-du-pasquier","status":"publish","type":"product","link":"https:\/\/www.lareservedusommelier.com\/en\/product\/mondeuse-blanche-2019-domaine-du-pasquier\/","title":{"rendered":"Mondeuse Blanche 2019 Domaine du Pasquier"},"content":{"rendered":"<p>A real Savoy nugget!<\/p>\n<p>This little-known and highly confidential Mondeuse blanche will surprise you with its freshness and liveliness. Barrique ageing gives it depth and roundness.<\/p>\n<p>A must-see!<\/p>","protected":false},"excerpt":{"rendered":"<p>Une vrai p\u00e9pite de Savoie! C\u00e9page peu connu est tr\u00e8s confidentielle cette Mondeuse blanche vous surprendra par sa fraicheur et sa vivacit\u00e9. L&rsquo;\u00e9levage en barique lui apporte profondeur et rondeur. A d\u00e9couvrir\u00a0 absolument !<\/p>","protected":false},"featured_media":1298,"template":"","meta":{"_acf_changed":false},"product_brand":[],"product_cat":[26],"product_tag":[29],"class_list":{"0":"post-1304","1":"product","2":"type-product","3":"status-publish","4":"has-post-thumbnail","6":"product_cat-la-cave-bons-plans","7":"product_tag-blanc","9":"first","10":"instock","11":"sold-individually","12":"shipping-taxable","13":"product-type-simple"},"acf":[],"_links":{"self":[{"href":"https:\/\/www.lareservedusommelier.com\/en\/wp-json\/wp\/v2\/product\/1304","targetHints":{"allow":["GET"]}}],"collection":[{"href":"https:\/\/www.lareservedusommelier.com\/en\/wp-json\/wp\/v2\/product"}],"about":[{"href":"https:\/\/www.lareservedusommelier.com\/en\/wp-json\/wp\/v2\/types\/product"}],"wp:featuredmedia":[{"embeddable":true,"href":"https:\/\/www.lareservedusommelier.com\/en\/wp-json\/wp\/v2\/media\/1298"}],"wp:attachment":[{"href":"https:\/\/www.lareservedusommelier.com\/en\/wp-json\/wp\/v2\/media?parent=1304"}],"wp:term":[{"taxonomy":"product_brand","embeddable":true,"href":"https:\/\/www.lareservedusommelier.com\/en\/wp-json\/wp\/v2\/product_brand?post=1304"},{"taxonomy":"product_cat","embeddable":true,"href":"https:\/\/www.lareservedusommelier.com\/en\/wp-json\/wp\/v2\/product_cat?post=1304"},{"taxonomy":"product_tag","embeddable":true,"href":"https:\/\/www.lareservedusommelier.com\/en\/wp-json\/wp\/v2\/product_tag?post=1304"}],"curies":[{"name":"wp","href":"https:\/\/api.w.org\/{rel}","templated":true}]}}