{"id":1303,"date":"2025-06-05T21:51:58","date_gmt":"2025-06-05T19:51:58","guid":{"rendered":"https:\/\/www.lareservedusommelier.com\/?post_type=product&#038;p=1303"},"modified":"2025-11-14T10:47:31","modified_gmt":"2025-11-14T09:47:31","slug":"empreinte-vouvray-alain-robert-2024","status":"publish","type":"product","link":"https:\/\/www.lareservedusommelier.com\/en\/product\/empreinte-vouvray-alain-robert-2024\/","title":{"rendered":"\"Empreinte\" Vouvray Alain Robert 2024"},"content":{"rendered":"<div id=\"wvc-col-3931\" class=\"wvc-col-4 wvc-column wvc-column-content-placement-default wvc-column-content-type-default wvc-column-content-alignment-center wvc-column-text-alignment-default\" data-base-width-int=\"4\">\n<div class=\"wvc-column-container wvc-column-bg-default wvc-column-bg-effect-none wvc-font-inherit wvc-column-font-inherit wvc-column-style-none wvc-border-color-none wvc-background-color-default\">\n<div class=\"wvc-column-inner\">\n<div class=\"wvc-column-wrapper wpb_wrapper\">\n<div class=\"wvc-text-block wvc-clearfix wvc-element\">\n<div class=\"wbp_wrapper\">\n<p>A pale yellow colour with silver highlights. A nose with aromas of white-fleshed fruit: pear, quince, apple and a few notes of exotic fruit. A fresh, mineral attack on the palate, followed by a delicate flavour of white fruit. The finish is salivating, with notes of tangy sweets.<\/p>\n<p><strong>Vintage :<\/strong> 2022<\/p>\n<p><strong>Grape variety<\/strong>\u00a0100 % Chenin Blanc<\/p>\n<p><strong>Types of terroir :<\/strong>\u00a0Clay-limestone<\/p>\n<p><strong>Growing method :<\/strong>\u00a0The vines are managed using sustainable methods. Depending on the vintage, our team of grape-pickers may make a first pass beforehand to remove any unwanted bunches.<\/p>\n<\/div>\n<\/div>\n<\/div>\n<\/div>\n<\/div>\n<\/div>\n<div id=\"wvc-col-2452\" class=\"wvc-col-4 wvc-column wvc-column-content-placement-default wvc-column-content-type-default wvc-column-content-alignment-center wvc-column-text-alignment-default\" data-base-width-int=\"4\">\n<div class=\"wvc-column-container wvc-column-bg-default wvc-column-bg-effect-none wvc-font-inherit wvc-column-font-inherit wvc-column-style-none wvc-border-color-none wvc-background-color-default\">\n<div class=\"wvc-column-inner\">\n<div class=\"wvc-column-wrapper wpb_wrapper\">\n<div class=\"wvc-text-block wvc-clearfix wvc-element\">\n<div class=\"wbp_wrapper\">\n<p><strong>Vinification<\/strong>\u00a0Alcoholic fermentation using indigenous yeasts in stainless steel vats. The wine is then matured for 6 months before bottling.<\/p>\n<p><strong>Wine and food pairing :<\/strong>\u00a0A gastronomic wine that will be delicious with white fish (such as cod), fine seafood (langoustines, lobster) or dry Touraine goat's cheese.<\/p>\n<\/div>\n<\/div>\n<\/div>\n<\/div>\n<\/div>\n<\/div>\n<div id=\"wvc-col-422\" class=\"wvc-col-4 wvc-column wvc-column-content-placement-default wvc-column-content-type-default wvc-column-content-alignment-center wvc-column-text-alignment-default\" data-base-width-int=\"4\">\n<div class=\"wvc-column-container wvc-column-bg-default wvc-column-bg-effect-none wvc-font-inherit wvc-column-font-inherit wvc-column-style-none wvc-border-color-none wvc-background-color-default\">\n<div class=\"wvc-column-inner\">\n<div class=\"wvc-column-wrapper wpb_wrapper\">\n<div class=\"wvc-text-block wvc-clearfix wvc-element\">\n<div class=\"wbp_wrapper\">\n<p><strong>Operating temperature :<\/strong>\u00a010 \u00b0C<\/p>\n<p><strong>Custody:<\/strong>\u00a010 to 15 years<\/p>\n<\/div>\n<\/div>\n<\/div>\n<\/div>\n<\/div>\n<\/div>","protected":false},"excerpt":{"rendered":"<p>Une robe jaune p\u00e2le aux reflets argent\u00e9s. Un nez aux ar\u00f4mes de fruits \u00e0 chair blanches : poire, coing, pomme ainsi que quelques notes de fruits exotiques. En bouche, une attaque fra\u00eeche et min\u00e9rale suivie d\u2019une d\u00e9licate saveur de fruits blancs. Une fin de bouche salivante, aux notes de bonbon acidul\u00e9. Mill\u00e9sime : 2022 C\u00e9page\u00a0: [&hellip;]<\/p>","protected":false},"featured_media":1297,"template":"","meta":{"_acf_changed":false},"product_brand":[],"product_cat":[26],"product_tag":[29],"class_list":{"0":"post-1303","1":"product","2":"type-product","3":"status-publish","4":"has-post-thumbnail","6":"product_cat-la-cave-bons-plans","7":"product_tag-blanc","9":"first","10":"instock","11":"shipping-taxable","12":"product-type-simple"},"acf":[],"_links":{"self":[{"href":"https:\/\/www.lareservedusommelier.com\/en\/wp-json\/wp\/v2\/product\/1303","targetHints":{"allow":["GET"]}}],"collection":[{"href":"https:\/\/www.lareservedusommelier.com\/en\/wp-json\/wp\/v2\/product"}],"about":[{"href":"https:\/\/www.lareservedusommelier.com\/en\/wp-json\/wp\/v2\/types\/product"}],"wp:featuredmedia":[{"embeddable":true,"href":"https:\/\/www.lareservedusommelier.com\/en\/wp-json\/wp\/v2\/media\/1297"}],"wp:attachment":[{"href":"https:\/\/www.lareservedusommelier.com\/en\/wp-json\/wp\/v2\/media?parent=1303"}],"wp:term":[{"taxonomy":"product_brand","embeddable":true,"href":"https:\/\/www.lareservedusommelier.com\/en\/wp-json\/wp\/v2\/product_brand?post=1303"},{"taxonomy":"product_cat","embeddable":true,"href":"https:\/\/www.lareservedusommelier.com\/en\/wp-json\/wp\/v2\/product_cat?post=1303"},{"taxonomy":"product_tag","embeddable":true,"href":"https:\/\/www.lareservedusommelier.com\/en\/wp-json\/wp\/v2\/product_tag?post=1303"}],"curies":[{"name":"wp","href":"https:\/\/api.w.org\/{rel}","templated":true}]}}