{"id":1287,"date":"2025-06-05T21:52:20","date_gmt":"2025-06-05T19:52:20","guid":{"rendered":"https:\/\/www.lareservedusommelier.com\/?post_type=product&#038;p=1287"},"modified":"2025-11-09T22:10:30","modified_gmt":"2025-11-09T21:10:30","slug":"deutz-brut-2015","status":"publish","type":"product","link":"https:\/\/www.lareservedusommelier.com\/en\/product\/deutz-brut-2015\/","title":{"rendered":"Deutz Brut 2015"},"content":{"rendered":"<p>Deutz Brut 2015 is an elegant, powerful vintage wine that can be enjoyed as an aperitif or with a wide range of dishes.<br \/>\nThe wine is aged in stainless steel vats for a minimum of 4 years in the House cellars.<\/p>","protected":false},"excerpt":{"rendered":"<p>Le Brut 2015 de la maison Deutz est un vin mill\u00e9sim\u00e9 \u00e9l\u00e9gant et puissant qui s\u2019appr\u00e9ciera tant \u00e0 l\u2019ap\u00e9ritif qu\u2019en accompagnement d\u2019un large \u00e9ventail de mets. Le vin est \u00e9lev\u00e9 en cuve inox et profite d\u2019un vieillissement de 4 ans minimum dans les caves de la Maison.<\/p>","protected":false},"featured_media":1293,"template":"","meta":{"_acf_changed":false},"product_brand":[],"product_cat":[26],"product_tag":[31],"class_list":{"0":"post-1287","1":"product","2":"type-product","3":"status-publish","4":"has-post-thumbnail","6":"product_cat-la-cave-bons-plans","7":"product_tag-champagne-cremant","9":"first","10":"instock","11":"shipping-taxable","12":"product-type-simple"},"acf":[],"_links":{"self":[{"href":"https:\/\/www.lareservedusommelier.com\/en\/wp-json\/wp\/v2\/product\/1287","targetHints":{"allow":["GET"]}}],"collection":[{"href":"https:\/\/www.lareservedusommelier.com\/en\/wp-json\/wp\/v2\/product"}],"about":[{"href":"https:\/\/www.lareservedusommelier.com\/en\/wp-json\/wp\/v2\/types\/product"}],"wp:featuredmedia":[{"embeddable":true,"href":"https:\/\/www.lareservedusommelier.com\/en\/wp-json\/wp\/v2\/media\/1293"}],"wp:attachment":[{"href":"https:\/\/www.lareservedusommelier.com\/en\/wp-json\/wp\/v2\/media?parent=1287"}],"wp:term":[{"taxonomy":"product_brand","embeddable":true,"href":"https:\/\/www.lareservedusommelier.com\/en\/wp-json\/wp\/v2\/product_brand?post=1287"},{"taxonomy":"product_cat","embeddable":true,"href":"https:\/\/www.lareservedusommelier.com\/en\/wp-json\/wp\/v2\/product_cat?post=1287"},{"taxonomy":"product_tag","embeddable":true,"href":"https:\/\/www.lareservedusommelier.com\/en\/wp-json\/wp\/v2\/product_tag?post=1287"}],"curies":[{"name":"wp","href":"https:\/\/api.w.org\/{rel}","templated":true}]}}