{"id":3,"date":"2025-02-07T08:01:42","date_gmt":"2025-02-07T07:01:42","guid":{"rendered":"http:\/\/www.lareservedusommelier.com\/?page_id=3"},"modified":"2025-05-21T10:42:41","modified_gmt":"2025-05-21T08:42:41","slug":"politique-de-confidentialite","status":"publish","type":"page","link":"https:\/\/www.lareservedusommelier.com\/en\/politique-de-confidentialite\/","title":{"rendered":"Privacy policy"},"content":{"rendered":"<h2 class=\"wp-block-heading\">Who are we?<\/h2>\n\n\n\n<p><p>Our website address is : <a href=\"https:\/\/www.lareservedusommelier.com\/en\/\">https:\/\/www.lareservedusommelier.com<\/a>This site is published by La R\u00e9serve du Sommelier, a SASU with capital of \u20ac10,000, registered with the RCS of Aix-en-Provence under number 934 321 639. The head office is located at 6 avenue de l'Arm\u00e9e d'Afrique, 13100 Aix-en-Provence. Development: IDWeb (<a href=\"https:\/\/idweb.fr\" data-type=\"link\" data-id=\"https:\/\/idweb.fr\" target=\"_blank\" rel=\"noreferrer noopener\">idweb.fr<\/a>)<br> Hosting: OVH SAS - 2 rue Kellermann, 59100 Roubaix - France<\/p><\/p>\n\n\n\n<h2 class=\"wp-block-heading\">Comments<\/h2>\n\n\n\n<p>When you leave a comment on our site, the data entered in the comment form, as well as your IP address and your browser's user agent, are collected to help us detect undesirable comments.<\/p>\n\n\n\n<p>An anonymised string created from your e-mail address (also known as a hash) can be sent to the Gravatar service to check whether you are using it. The Gravatar service's confidentiality clauses are available here : <a href=\"https:\/\/automattic.com\/privacy\/\" target=\"_blank\" rel=\"noopener\">https:\/\/automattic.com\/privacy\/<\/a>. Once your comment has been validated, your profile photo will be publicly visible next to your comment.<\/p>\n\n\n\n<h2 class=\"wp-block-heading\">Media<\/h2>\n\n\n\n<p>Credits: La R\u00e9serve du Sommelier<\/p>\n\n\n\n<h2 class=\"wp-block-heading\">Cookies<\/h2>\n\n\n\n<p>No tracking cookies are set on this site.<\/p>","protected":false},"excerpt":{"rendered":"<p>Qui sommes-nous&nbsp;? L\u2019adresse de notre site est\u00a0: https:\/\/www.lareservedusommelier.com.Ce site est \u00e9dit\u00e9 par la soci\u00e9t\u00e9 La R\u00e9serve du Sommelier, SASU au capital de 10 000\u20ac, immatricul\u00e9e au RCS d\u2019Aix-en-Provence sous le num\u00e9ro 934 321 639. Le si\u00e8ge social est situ\u00e9 au 6 avenue de l\u2019Arm\u00e9e d\u2019Afrique, 13100 Aix-en-Provence. Le dirigeant est M. Vianney Danen.D\u00e9veloppement : IDWeb [&hellip;]<\/p>","protected":false},"author":1,"featured_media":0,"parent":0,"menu_order":0,"comment_status":"closed","ping_status":"open","template":"","meta":{"_acf_changed":false,"footnotes":""},"class_list":["post-3","page","type-page","status-publish","hentry"],"acf":[],"_links":{"self":[{"href":"https:\/\/www.lareservedusommelier.com\/en\/wp-json\/wp\/v2\/pages\/3","targetHints":{"allow":["GET"]}}],"collection":[{"href":"https:\/\/www.lareservedusommelier.com\/en\/wp-json\/wp\/v2\/pages"}],"about":[{"href":"https:\/\/www.lareservedusommelier.com\/en\/wp-json\/wp\/v2\/types\/page"}],"author":[{"embeddable":true,"href":"https:\/\/www.lareservedusommelier.com\/en\/wp-json\/wp\/v2\/users\/1"}],"replies":[{"embeddable":true,"href":"https:\/\/www.lareservedusommelier.com\/en\/wp-json\/wp\/v2\/comments?post=3"}],"version-history":[{"count":3,"href":"https:\/\/www.lareservedusommelier.com\/en\/wp-json\/wp\/v2\/pages\/3\/revisions"}],"predecessor-version":[{"id":1235,"href":"https:\/\/www.lareservedusommelier.com\/en\/wp-json\/wp\/v2\/pages\/3\/revisions\/1235"}],"wp:attachment":[{"href":"https:\/\/www.lareservedusommelier.com\/en\/wp-json\/wp\/v2\/media?parent=3"}],"curies":[{"name":"wp","href":"https:\/\/api.w.org\/{rel}","templated":true}]}}